{"id":70,"date":"2025-08-20T10:42:52","date_gmt":"2025-08-20T10:42:52","guid":{"rendered":"http:\/\/www.morgane-novadesk.fr\/?page_id=70"},"modified":"2025-10-29T08:03:22","modified_gmt":"2025-10-29T08:03:22","slug":"accueil","status":"publish","type":"page","link":"https:\/\/www.morgane-novadesk.fr\/","title":{"rendered":"Accueil"},"content":{"rendered":"\n<p>Vous \u00eates dirigeant(e) d\u2019une TPE\/PME\/Startup, et votre quotidien est rythm\u00e9 par des t\u00e2ches administratives et financi\u00e8res chronophages ?<\/p>\n\n\n\n<p>Votre entreprise est en pleine croissance et vous avez besoin d&rsquo;un profil polyvalent ?<\/p>\n\n\n\n<p>Vous faites face \u00e0 des pics d\u2019activit\u00e9 ou \u00e0 l\u2019absence impr\u00e9vue d\u2019un collaborateur ?<\/p>\n\n\n\n<p>Vous avez besoin d\u2019un renfort administratif ponctuel ou r\u00e9gulier ? <\/p>\n\n\n\n<p>Et si vous pouviez faire appel rapidement \u00e0 une professionnelle qualifi\u00e9e pour vous accompagner ? <\/p>\n\n\n\n<p>Novadesk, c\u2019est une solution simple, flexible et \u00e9conomique : vous confiez vos missions \u00e0 une freelance exp\u00e9riment\u00e9e, capable d\u2019intervenir sur un large \u00e9ventail de fonctions &#8211; administratif, ADV, achats, contr\u00f4le de gestion, facturation, office management, pr\u00e9-comptabilit\u00e9, RH \u2026<\/p>\n\n\n\n<p><\/p>\n\n\n\n<div style=\"height:141px\" aria-hidden=\"true\" class=\"wp-block-spacer\"><\/div>\n\n\n\n<div class=\"wp-block-cover alignfull is-light hestia-clear-top-padding\"><span aria-hidden=\"true\" class=\"wp-block-cover__background has-white-background-color has-background-dim-100 has-background-dim\"><\/span><div class=\"wp-block-cover__inner-container is-layout-flow wp-block-cover-is-layout-flow\">\n<h2 class=\"wp-block-heading has-text-align-center has-text-color\" style=\"color:#3c4858\">Pourquoi d\u00e9l\u00e9guer \u00e0 Novadesk au lieu de recruter ?<\/h2>\n\n\n\n<div style=\"height:40px\" aria-hidden=\"true\" class=\"wp-block-spacer\"><\/div>\n\n\n\n<div class=\"wp-block-columns container is-layout-flex wp-container-core-columns-is-layout-28f84493 wp-block-columns-is-layout-flex\">\n<div class=\"wp-block-column is-layout-flow wp-block-column-is-layout-flow\"><div class=\"wp-block-image\">\n<figure class=\"aligncenter size-full\"><img loading=\"lazy\" decoding=\"async\" width=\"1024\" height=\"1024\" src=\"http:\/\/www.morgane-novadesk.fr\/wp-content\/uploads\/2025\/08\/symbole-gain-temps-2.png\" alt=\"\" class=\"wp-image-102\" srcset=\"https:\/\/www.morgane-novadesk.fr\/wp-content\/uploads\/2025\/08\/symbole-gain-temps-2.png 1024w, https:\/\/www.morgane-novadesk.fr\/wp-content\/uploads\/2025\/08\/symbole-gain-temps-2-300x300.png 300w, https:\/\/www.morgane-novadesk.fr\/wp-content\/uploads\/2025\/08\/symbole-gain-temps-2-150x150.png 150w, https:\/\/www.morgane-novadesk.fr\/wp-content\/uploads\/2025\/08\/symbole-gain-temps-2-768x768.png 768w\" sizes=\"auto, (max-width: 1024px) 100vw, 1024px\" \/><\/figure>\n<\/div>\n\n\n<h5 class=\"wp-block-heading has-text-align-center has-text-color\" style=\"color:#3c4858;font-size:18px\">Gain de temps<\/h5>\n\n\n\n<p class=\"has-text-align-center has-text-color\" style=\"color:#999999;font-size:14px\">D\u00e9l\u00e9guez pour vous consacrer \u00e0 votre c\u0153ur de m\u00e9tier.<\/p>\n\n\n\n<p class=\"has-text-align-center has-text-color\" style=\"color:#999999;font-size:14px\">La mise en place est simple et rapide : pas de processus de recrutement ni de formalit\u00e9s d\u2019embauche.<\/p>\n\n\n\n<div style=\"height:25px\" aria-hidden=\"true\" class=\"wp-block-spacer\"><\/div>\n<\/div>\n\n\n\n<div class=\"wp-block-column is-layout-flow wp-block-column-is-layout-flow\"><div class=\"wp-block-image\">\n<figure class=\"aligncenter size-full\"><img loading=\"lazy\" decoding=\"async\" width=\"1024\" height=\"1024\" src=\"https:\/\/www.morgane-novadesk.fr\/wp-content\/uploads\/2025\/08\/symbole-gain-financier-3.png\" alt=\"\" class=\"wp-image-245\" srcset=\"https:\/\/www.morgane-novadesk.fr\/wp-content\/uploads\/2025\/08\/symbole-gain-financier-3.png 1024w, https:\/\/www.morgane-novadesk.fr\/wp-content\/uploads\/2025\/08\/symbole-gain-financier-3-300x300.png 300w, https:\/\/www.morgane-novadesk.fr\/wp-content\/uploads\/2025\/08\/symbole-gain-financier-3-150x150.png 150w, https:\/\/www.morgane-novadesk.fr\/wp-content\/uploads\/2025\/08\/symbole-gain-financier-3-768x768.png 768w\" sizes=\"auto, (max-width: 1024px) 100vw, 1024px\" \/><\/figure>\n<\/div>\n\n\n<h5 class=\"wp-block-heading has-text-align-center has-text-color\" style=\"color:#3c4858;font-size:18px\">Gain financier<\/h5>\n\n\n\n<p class=\"has-text-align-center has-text-color\" style=\"color:#999999;font-size:14px\">Une facturation claire \u00e9tablie sur devis, aucune surprise.<\/p>\n\n\n\n<p class=\"has-text-align-center has-text-color\" style=\"color:#999999;font-size:14px\">Vous \u00e9vitez les charges li\u00e9es au recrutement, aux cotisations sociales, aux absences ou aux cong\u00e9s pay\u00e9s.<\/p>\n\n\n\n<div style=\"height:25px\" aria-hidden=\"true\" class=\"wp-block-spacer\"><\/div>\n<\/div>\n\n\n\n<div class=\"wp-block-column is-layout-flow wp-block-column-is-layout-flow\"><div class=\"wp-block-image\">\n<figure class=\"aligncenter size-full\"><img loading=\"lazy\" decoding=\"async\" width=\"1024\" height=\"1024\" src=\"http:\/\/www.morgane-novadesk.fr\/wp-content\/uploads\/2025\/08\/symbole-flexibilite-2.png\" alt=\"\" class=\"wp-image-103\" srcset=\"https:\/\/www.morgane-novadesk.fr\/wp-content\/uploads\/2025\/08\/symbole-flexibilite-2.png 1024w, https:\/\/www.morgane-novadesk.fr\/wp-content\/uploads\/2025\/08\/symbole-flexibilite-2-300x300.png 300w, https:\/\/www.morgane-novadesk.fr\/wp-content\/uploads\/2025\/08\/symbole-flexibilite-2-150x150.png 150w, https:\/\/www.morgane-novadesk.fr\/wp-content\/uploads\/2025\/08\/symbole-flexibilite-2-768x768.png 768w\" sizes=\"auto, (max-width: 1024px) 100vw, 1024px\" \/><\/figure>\n<\/div>\n\n\n<h5 class=\"wp-block-heading has-text-align-center has-text-color\" style=\"color:#3c4858;font-size:18px\">Flexibilit\u00e9<\/h5>\n\n\n\n<p class=\"has-text-align-center has-text-color\" style=\"color:#999999;font-size:14px\">La prestation est fix\u00e9e en fonction de votre besoin, qu\u2019il soit ponctuel ou r\u00e9gulier.<\/p>\n\n\n\n<p class=\"has-text-align-center has-text-color\" style=\"color:#999999;font-size:14px\">Remplacement temporaire, pic d&rsquo;activit\u00e9 ou missions sp\u00e9cifiques ne n\u00e9cessitant pas un poste \u00e0 temps plein&#8230; Tout est possible.<\/p>\n\n\n\n<div style=\"height:25px\" aria-hidden=\"true\" class=\"wp-block-spacer\"><\/div>\n<\/div>\n\n\n\n<div class=\"wp-block-column is-layout-flow wp-block-column-is-layout-flow\">\n<figure class=\"wp-block-gallery aligncenter has-nested-images columns-default is-cropped wp-block-gallery-1 is-layout-flex wp-block-gallery-is-layout-flex\">\n<figure class=\"wp-block-image size-full is-style-default\"><img loading=\"lazy\" decoding=\"async\" width=\"1024\" height=\"1024\" data-id=\"104\" src=\"http:\/\/www.morgane-novadesk.fr\/wp-content\/uploads\/2025\/08\/symbole-fiabilite.png\" alt=\"\" class=\"wp-image-104\" srcset=\"https:\/\/www.morgane-novadesk.fr\/wp-content\/uploads\/2025\/08\/symbole-fiabilite.png 1024w, https:\/\/www.morgane-novadesk.fr\/wp-content\/uploads\/2025\/08\/symbole-fiabilite-300x300.png 300w, https:\/\/www.morgane-novadesk.fr\/wp-content\/uploads\/2025\/08\/symbole-fiabilite-150x150.png 150w, https:\/\/www.morgane-novadesk.fr\/wp-content\/uploads\/2025\/08\/symbole-fiabilite-768x768.png 768w\" sizes=\"auto, (max-width: 1024px) 100vw, 1024px\" \/><\/figure>\n<\/figure>\n\n\n\n<h5 class=\"wp-block-heading has-text-align-center has-text-color\" style=\"color:#3c4858;font-size:18px\">Fiabilit\u00e9 &amp; Professionnalisme<\/h5>\n\n\n\n<p class=\"has-text-align-center has-text-color\" style=\"color:#999999;font-size:14px\">Mon objectif est d\u2019instaurer une relation de confiance. <\/p>\n\n\n\n<p class=\"has-text-align-center has-text-color\" style=\"color:#999999;font-size:14px\">En faisant appel \u00e0 mes services, vous avez l\u2019assurance d\u2019avoir recours \u00e0 une professionnelle s\u00e9rieuse et fiable, qui aura \u00e0 c\u0153ur de vous accompagner au mieux sur les missions confi\u00e9es.<\/p>\n\n\n\n<div style=\"height:25px\" aria-hidden=\"true\" class=\"wp-block-spacer\"><\/div>\n<\/div>\n<\/div>\n\n\n\n<div style=\"height:40px\" aria-hidden=\"true\" class=\"wp-block-spacer\"><\/div>\n<\/div><\/div>\n","protected":false},"excerpt":{"rendered":"<p>Vous \u00eates dirigeant(e) d\u2019une TPE\/PME\/Startup, et votre quotidien est rythm\u00e9 par des t\u00e2ches administratives et financi\u00e8res chronophages ? Votre entreprise est en pleine croissance et vous avez besoin d&rsquo;un profil polyvalent ? Vous faites face \u00e0 des pics d\u2019activit\u00e9 ou \u00e0 l\u2019absence impr\u00e9vue d\u2019un collaborateur ? Vous avez besoin d\u2019un [&hellip;]<\/p>\n","protected":false},"author":1,"featured_media":163,"parent":0,"menu_order":0,"comment_status":"closed","ping_status":"closed","template":"","meta":{"footnotes":""},"class_list":["post-70","page","type-page","status-publish","has-post-thumbnail","hentry"],"_links":{"self":[{"href":"https:\/\/www.morgane-novadesk.fr\/index.php?rest_route=\/wp\/v2\/pages\/70","targetHints":{"allow":["GET"]}}],"collection":[{"href":"https:\/\/www.morgane-novadesk.fr\/index.php?rest_route=\/wp\/v2\/pages"}],"about":[{"href":"https:\/\/www.morgane-novadesk.fr\/index.php?rest_route=\/wp\/v2\/types\/page"}],"author":[{"embeddable":true,"href":"https:\/\/www.morgane-novadesk.fr\/index.php?rest_route=\/wp\/v2\/users\/1"}],"replies":[{"embeddable":true,"href":"https:\/\/www.morgane-novadesk.fr\/index.php?rest_route=%2Fwp%2Fv2%2Fcomments&post=70"}],"version-history":[{"count":22,"href":"https:\/\/www.morgane-novadesk.fr\/index.php?rest_route=\/wp\/v2\/pages\/70\/revisions"}],"predecessor-version":[{"id":325,"href":"https:\/\/www.morgane-novadesk.fr\/index.php?rest_route=\/wp\/v2\/pages\/70\/revisions\/325"}],"wp:featuredmedia":[{"embeddable":true,"href":"https:\/\/www.morgane-novadesk.fr\/index.php?rest_route=\/wp\/v2\/media\/163"}],"wp:attachment":[{"href":"https:\/\/www.morgane-novadesk.fr\/index.php?rest_route=%2Fwp%2Fv2%2Fmedia&parent=70"}],"curies":[{"name":"wp","href":"https:\/\/api.w.org\/{rel}","templated":true}]}}