{"id":130,"date":"2025-08-20T13:30:50","date_gmt":"2025-08-20T13:30:50","guid":{"rendered":"http:\/\/www.morgane-novadesk.fr\/?page_id=130"},"modified":"2025-12-18T10:05:43","modified_gmt":"2025-12-18T10:05:43","slug":"detail-des-prestations","status":"publish","type":"page","link":"https:\/\/www.morgane-novadesk.fr\/?page_id=130","title":{"rendered":"D\u00e9tail des prestations"},"content":{"rendered":"\n<p class=\"has-text-align-center\">Novadesk vous propose un accompagnement personnalis\u00e9 et flexible pour r\u00e9pondre \u00e0 vos besoins administratifs, ponctuels ou r\u00e9currents.<\/p>\n\n\n\n<p class=\"has-text-align-center\">Les prestations sont \u00e9tablies sur mesure, selon vos attentes et objectifs. Je privil\u00e9gie les missions en distanciel pour plus de souplesse et d&rsquo;efficacit\u00e9 mais une intervention sur place est tout \u00e0 fait possible en fonction de votre localisation.<\/p>\n\n\n\n<p class=\"has-text-align-center\">Chaque besoin \u00e9tant unique, les tarifs s\u2019adaptent en fonction de la nature, de la complexit\u00e9 de votre demande, ainsi que du mode d&rsquo;intervention choisi (\u00e0 distance, sur site ou mixte).<\/p>\n\n\n\n<p class=\"has-text-align-center\">N&rsquo;h\u00e9sitez pas \u00e0 me contacter pour \u00e9changer sur votre projet et \u00e9tablir un devis.<\/p>\n\n\n\n<p class=\"has-text-align-center\" style=\"font-size:15px\"><\/p>\n\n\n\n<div style=\"height:100px\" aria-hidden=\"true\" class=\"wp-block-spacer\"><\/div>\n\n\n\n<div class=\"wp-block-columns is-layout-flex wp-container-core-columns-is-layout-28f84493 wp-block-columns-is-layout-flex\">\n<div class=\"wp-block-column is-layout-flow wp-block-column-is-layout-flow\"><div class=\"wp-block-image\">\n<figure class=\"aligncenter size-full is-resized\"><img loading=\"lazy\" decoding=\"async\" width=\"1024\" height=\"1024\" src=\"http:\/\/www.morgane-novadesk.fr\/wp-content\/uploads\/2025\/08\/symbole-admin-1.png\" alt=\"\" class=\"wp-image-132\" style=\"width:177px;height:auto\" srcset=\"https:\/\/www.morgane-novadesk.fr\/wp-content\/uploads\/2025\/08\/symbole-admin-1.png 1024w, https:\/\/www.morgane-novadesk.fr\/wp-content\/uploads\/2025\/08\/symbole-admin-1-300x300.png 300w, https:\/\/www.morgane-novadesk.fr\/wp-content\/uploads\/2025\/08\/symbole-admin-1-150x150.png 150w, https:\/\/www.morgane-novadesk.fr\/wp-content\/uploads\/2025\/08\/symbole-admin-1-768x768.png 768w\" sizes=\"auto, (max-width: 1024px) 100vw, 1024px\" \/><\/figure>\n<\/div>\n\n\n<p class=\"has-text-align-center\"><strong>Administratif<\/strong><\/p>\n\n\n\n<p class=\"has-text-align-center\">Gestion des mails<\/p>\n\n\n\n<p class=\"has-text-align-center\">Traitement et cr\u00e9ation de documents<\/p>\n\n\n\n<p class=\"has-text-align-center\">Gestion des contrats <\/p>\n\n\n\n<p class=\"has-text-align-center\">R\u00e9daction de courriers<\/p>\n\n\n\n<p class=\"has-text-align-center\">Suivi de dossiers<\/p>\n\n\n\n<p class=\"has-text-align-center\">Services g\u00e9n\u00e9raux<\/p>\n\n\n\n<p class=\"has-text-align-center\">Cr\u00e9ation \/ mise en place de proc\u00e9dures<\/p>\n\n\n\n<p class=\"has-text-align-center\">Office manager<\/p>\n\n\n\n<div style=\"height:52px\" aria-hidden=\"true\" class=\"wp-block-spacer\"><\/div>\n<\/div>\n\n\n\n<div class=\"wp-block-column is-layout-flow wp-block-column-is-layout-flow\"><div class=\"wp-block-image\">\n<figure class=\"aligncenter size-full is-resized\"><img loading=\"lazy\" decoding=\"async\" width=\"1024\" height=\"1024\" src=\"https:\/\/www.morgane-novadesk.fr\/wp-content\/uploads\/2025\/08\/symbole-adv-2.png\" alt=\"\" class=\"wp-image-206\" style=\"width:177px\" srcset=\"https:\/\/www.morgane-novadesk.fr\/wp-content\/uploads\/2025\/08\/symbole-adv-2.png 1024w, https:\/\/www.morgane-novadesk.fr\/wp-content\/uploads\/2025\/08\/symbole-adv-2-300x300.png 300w, https:\/\/www.morgane-novadesk.fr\/wp-content\/uploads\/2025\/08\/symbole-adv-2-150x150.png 150w, https:\/\/www.morgane-novadesk.fr\/wp-content\/uploads\/2025\/08\/symbole-adv-2-768x768.png 768w\" sizes=\"auto, (max-width: 1024px) 100vw, 1024px\" \/><\/figure>\n<\/div>\n\n\n<p class=\"has-text-align-center\"><strong>ADV &#8211; Gestion commerciale<\/strong><\/p>\n\n\n\n<p class=\"has-text-align-center\">Relation clients<\/p>\n\n\n\n<p class=\"has-text-align-center\">Gestion des commandes<\/p>\n\n\n\n<p class=\"has-text-align-center\">Etablissement des devis, bons de livraison et factures<\/p>\n\n\n\n<p class=\"has-text-align-center\">Mise \u00e0 jour de base de donn\u00e9es clients<\/p>\n\n\n\n<p class=\"has-text-align-center\">Suivi des livraisons<\/p>\n\n\n\n<div style=\"height:90px\" aria-hidden=\"true\" class=\"wp-block-spacer\"><\/div>\n<\/div>\n\n\n\n<div class=\"wp-block-column is-layout-flow wp-block-column-is-layout-flow\"><div class=\"wp-block-image\">\n<figure class=\"aligncenter size-full is-resized\"><img loading=\"lazy\" decoding=\"async\" width=\"1024\" height=\"1024\" src=\"https:\/\/www.morgane-novadesk.fr\/wp-content\/uploads\/2025\/08\/symbole-finance-2-1.png\" alt=\"\" class=\"wp-image-208\" style=\"width:177px\" srcset=\"https:\/\/www.morgane-novadesk.fr\/wp-content\/uploads\/2025\/08\/symbole-finance-2-1.png 1024w, https:\/\/www.morgane-novadesk.fr\/wp-content\/uploads\/2025\/08\/symbole-finance-2-1-300x300.png 300w, https:\/\/www.morgane-novadesk.fr\/wp-content\/uploads\/2025\/08\/symbole-finance-2-1-150x150.png 150w, https:\/\/www.morgane-novadesk.fr\/wp-content\/uploads\/2025\/08\/symbole-finance-2-1-768x768.png 768w\" sizes=\"auto, (max-width: 1024px) 100vw, 1024px\" \/><\/figure>\n<\/div>\n\n\n<p class=\"has-text-align-center\"><strong>Finance<\/strong><\/p>\n\n\n\n<p class=\"has-text-align-center\">Facturation<\/p>\n\n\n\n<p class=\"has-text-align-center\">Suivi des paiements <\/p>\n\n\n\n<p class=\"has-text-align-center\">Recouvrement<\/p>\n\n\n\n<p class=\"has-text-align-center\"> Suivi ou mise en place de tableaux de bord<\/p>\n\n\n\n<p class=\"has-text-align-center\">Contr\u00f4le des caisses<\/p>\n\n\n\n<p class=\"has-text-align-center\">Rapprochement bancaire<\/p>\n\n\n\n<p class=\"has-text-align-center\">Pr\u00e9-comptabilit\u00e9<\/p>\n\n\n\n<div style=\"height:40px\" aria-hidden=\"true\" class=\"wp-block-spacer\"><\/div>\n<\/div>\n<\/div>\n\n\n\n<div class=\"wp-block-columns is-layout-flex wp-container-core-columns-is-layout-28f84493 wp-block-columns-is-layout-flex\">\n<div class=\"wp-block-column is-layout-flow wp-block-column-is-layout-flow\" style=\"flex-basis:100%\"><\/div>\n<\/div>\n\n\n\n<div class=\"wp-block-columns is-layout-flex wp-container-core-columns-is-layout-28f84493 wp-block-columns-is-layout-flex\">\n<div class=\"wp-block-column is-layout-flow wp-block-column-is-layout-flow\"><div class=\"wp-block-image\">\n<figure class=\"aligncenter size-full is-resized\"><img loading=\"lazy\" decoding=\"async\" width=\"1024\" height=\"1024\" src=\"https:\/\/www.morgane-novadesk.fr\/wp-content\/uploads\/2025\/08\/symbole-achats-2.png\" alt=\"\" class=\"wp-image-209\" style=\"width:177px\" srcset=\"https:\/\/www.morgane-novadesk.fr\/wp-content\/uploads\/2025\/08\/symbole-achats-2.png 1024w, https:\/\/www.morgane-novadesk.fr\/wp-content\/uploads\/2025\/08\/symbole-achats-2-300x300.png 300w, https:\/\/www.morgane-novadesk.fr\/wp-content\/uploads\/2025\/08\/symbole-achats-2-150x150.png 150w, https:\/\/www.morgane-novadesk.fr\/wp-content\/uploads\/2025\/08\/symbole-achats-2-768x768.png 768w\" sizes=\"auto, (max-width: 1024px) 100vw, 1024px\" \/><\/figure>\n<\/div>\n\n\n<p class=\"has-text-align-center\"><strong>Achats<\/strong><\/p>\n\n\n\n<p class=\"has-text-align-center\">S\u00e9lection de fournisseurs<\/p>\n\n\n\n<p class=\"has-text-align-center\">N\u00e9gociation des prix<\/p>\n\n\n\n<p class=\"has-text-align-center\">Gestion des contrats<\/p>\n\n\n\n<p class=\"has-text-align-center\">Suivi des stocks<\/p>\n\n\n\n<p class=\"has-text-align-center\">Paiement des fournisseurs<\/p>\n\n\n\n<div style=\"height:90px\" aria-hidden=\"true\" class=\"wp-block-spacer\"><\/div>\n<\/div>\n\n\n\n<div class=\"wp-block-column is-layout-flow wp-block-column-is-layout-flow\"><div class=\"wp-block-image\">\n<figure class=\"aligncenter size-full is-resized\"><img loading=\"lazy\" decoding=\"async\" width=\"1024\" height=\"1024\" src=\"https:\/\/www.morgane-novadesk.fr\/wp-content\/uploads\/2025\/08\/symbole-rh-3.png\" alt=\"\" class=\"wp-image-213\" style=\"width:177px\" srcset=\"https:\/\/www.morgane-novadesk.fr\/wp-content\/uploads\/2025\/08\/symbole-rh-3.png 1024w, https:\/\/www.morgane-novadesk.fr\/wp-content\/uploads\/2025\/08\/symbole-rh-3-300x300.png 300w, https:\/\/www.morgane-novadesk.fr\/wp-content\/uploads\/2025\/08\/symbole-rh-3-150x150.png 150w, https:\/\/www.morgane-novadesk.fr\/wp-content\/uploads\/2025\/08\/symbole-rh-3-768x768.png 768w\" sizes=\"auto, (max-width: 1024px) 100vw, 1024px\" \/><\/figure>\n<\/div>\n\n\n<p class=\"has-text-align-center\"><strong>RH<\/strong><\/p>\n\n\n\n<p class=\"has-text-align-center\">Support pour l\u2019administration du personnel<\/p>\n\n\n\n<p class=\"has-text-align-center\">Etablissement DUE <\/p>\n\n\n\n<p class=\"has-text-align-center\">Pr\u00e9paration de contrats sur mod\u00e8le existant<\/p>\n\n\n\n<p class=\"has-text-align-center\">Gestion des visites m\u00e9dicales<\/p>\n\n\n\n<p class=\"has-text-align-center\">Aide au recrutement<\/p>\n<\/div>\n<\/div>\n\n\n\n<div style=\"height:56px\" aria-hidden=\"true\" class=\"wp-block-spacer\"><\/div>\n\n\n\n<p><strong>Logiciels \/ Outils ma\u00eetris\u00e9s :<\/strong> Excel, Pennylane, Alecto, Sage 100, Sage 50, Zoho, Agicap, Inexfact, Skello, Combo, Indy, Qonto, Pack office&#8230;<\/p>\n\n\n\n<div style=\"height:100px\" aria-hidden=\"true\" class=\"wp-block-spacer\"><\/div>\n\n\n\n<p class=\"has-text-align-center has-small-font-size\"><em>Liste non exhaustive<\/em><\/p>\n\n\n\n<p class=\"has-text-align-center has-medium-font-size\"><\/p>\n\n\n\n<p><\/p>\n\n\n\n<p><\/p>\n\n\n\n<div class=\"wp-block-columns is-layout-flex wp-container-core-columns-is-layout-28f84493 wp-block-columns-is-layout-flex\">\n<div class=\"wp-block-column is-layout-flow wp-block-column-is-layout-flow\"><\/div>\n\n\n\n<div class=\"wp-block-column is-layout-flow wp-block-column-is-layout-flow\"><\/div>\n\n\n\n<div class=\"wp-block-column is-layout-flow wp-block-column-is-layout-flow\"><\/div>\n<\/div>\n","protected":false},"excerpt":{"rendered":"<p>Novadesk vous propose un accompagnement personnalis\u00e9 et flexible pour r\u00e9pondre \u00e0 vos besoins administratifs, ponctuels ou r\u00e9currents. Les prestations sont \u00e9tablies sur mesure, selon vos attentes et objectifs. Je privil\u00e9gie les missions en distanciel pour plus de souplesse et d&rsquo;efficacit\u00e9 mais une intervention sur place est tout \u00e0 fait possible [&hellip;]<\/p>\n","protected":false},"author":1,"featured_media":0,"parent":0,"menu_order":0,"comment_status":"closed","ping_status":"closed","template":"","meta":{"footnotes":""},"class_list":["post-130","page","type-page","status-publish","hentry"],"_links":{"self":[{"href":"https:\/\/www.morgane-novadesk.fr\/index.php?rest_route=\/wp\/v2\/pages\/130","targetHints":{"allow":["GET"]}}],"collection":[{"href":"https:\/\/www.morgane-novadesk.fr\/index.php?rest_route=\/wp\/v2\/pages"}],"about":[{"href":"https:\/\/www.morgane-novadesk.fr\/index.php?rest_route=\/wp\/v2\/types\/page"}],"author":[{"embeddable":true,"href":"https:\/\/www.morgane-novadesk.fr\/index.php?rest_route=\/wp\/v2\/users\/1"}],"replies":[{"embeddable":true,"href":"https:\/\/www.morgane-novadesk.fr\/index.php?rest_route=%2Fwp%2Fv2%2Fcomments&post=130"}],"version-history":[{"count":45,"href":"https:\/\/www.morgane-novadesk.fr\/index.php?rest_route=\/wp\/v2\/pages\/130\/revisions"}],"predecessor-version":[{"id":363,"href":"https:\/\/www.morgane-novadesk.fr\/index.php?rest_route=\/wp\/v2\/pages\/130\/revisions\/363"}],"wp:attachment":[{"href":"https:\/\/www.morgane-novadesk.fr\/index.php?rest_route=%2Fwp%2Fv2%2Fmedia&parent=130"}],"curies":[{"name":"wp","href":"https:\/\/api.w.org\/{rel}","templated":true}]}}