{"id":109,"date":"2025-08-20T11:57:41","date_gmt":"2025-08-20T11:57:41","guid":{"rendered":"http:\/\/www.morgane-novadesk.fr\/?page_id=109"},"modified":"2025-10-28T08:23:09","modified_gmt":"2025-10-28T08:23:09","slug":"a-propos","status":"publish","type":"page","link":"https:\/\/www.morgane-novadesk.fr\/?page_id=109","title":{"rendered":"A propos de moi"},"content":{"rendered":"<div class=\"wp-block-image\">\n<figure class=\"aligncenter size-large is-resized\"><img loading=\"lazy\" decoding=\"async\" width=\"884\" height=\"1024\" src=\"https:\/\/www.morgane-novadesk.fr\/wp-content\/uploads\/2025\/10\/Photo-pro-site-884x1024.jpg\" alt=\"\" class=\"wp-image-312\" style=\"width:292px;height:auto\" srcset=\"https:\/\/www.morgane-novadesk.fr\/wp-content\/uploads\/2025\/10\/Photo-pro-site-884x1024.jpg 884w, https:\/\/www.morgane-novadesk.fr\/wp-content\/uploads\/2025\/10\/Photo-pro-site-259x300.jpg 259w, https:\/\/www.morgane-novadesk.fr\/wp-content\/uploads\/2025\/10\/Photo-pro-site-768x890.jpg 768w, https:\/\/www.morgane-novadesk.fr\/wp-content\/uploads\/2025\/10\/Photo-pro-site-1326x1536.jpg 1326w, https:\/\/www.morgane-novadesk.fr\/wp-content\/uploads\/2025\/10\/Photo-pro-site.jpg 1674w\" sizes=\"auto, (max-width: 884px) 100vw, 884px\" \/><\/figure>\n<\/div>\n\n\n<div style=\"height:52px\" aria-hidden=\"true\" class=\"wp-block-spacer\"><\/div>\n\n\n\n<p class=\"has-text-align-center\">Avec 12 ans d\u2019exp\u00e9rience \u00e0 mon actif, j\u2019ai eu l&rsquo;occasion de me forger une solide exp\u00e9rience dans des univers tr\u00e8s diff\u00e9rents, du commerce de gros \u00e0 la restauration, en passant par le conseil et l\u2019immobilier. Cette diversit\u00e9 m\u2019a permis d\u2019acqu\u00e9rir une grande capacit\u00e9 d\u2019adaptation et de proposer des solutions concr\u00e8tes, quel que soit le contexte.<\/p>\n\n\n\n<p class=\"has-text-align-center\">J&rsquo;ai principalement \u00e9volu\u00e9 au sein de structures \u00e0 taille humaine, o\u00f9 la r\u00e9activit\u00e9 et la polyvalence sont essentielles.<\/p>\n\n\n\n<p class=\"has-text-align-center\">Et ce, en occupant diff\u00e9rents postes : office manager, gestionnaire ADV\/Commerciale, assistante de gestion, contr\u00f4leur de gestion, responsable administratif et financier\u2026<\/p>\n\n\n\n<p class=\"has-text-align-center\">J&rsquo;ai pass\u00e9 les 8 derni\u00e8res ann\u00e9es au si\u00e8ge d\u2019une cha\u00eene de restauration, dont 5 en tant que responsable du p\u00f4le administratif et financier.<\/p>\n\n\n\n<p class=\"has-text-align-center\">Anim\u00e9e par l\u2019envie de relever un nouveau d\u00e9fi, j\u2019ai d\u00e9cid\u00e9 d\u00e9but 2025 de me lancer dans l\u2019aventure entrepreneuriale en cr\u00e9ant ma propre structure, d\u00e9di\u00e9e \u00e0 l\u2019accompagnement des entreprises sur leurs enjeux administratifs.<\/p>\n\n\n\n<p class=\"has-text-align-center\">Mon atout principal : ma polyvalence.<\/p>\n\n\n\n<p class=\"has-text-align-center\">Au fil de mon parcours, j&rsquo;ai eu l&rsquo;opportunit\u00e9 d&rsquo;accompagner plusieurs soci\u00e9t\u00e9s sur des missions vari\u00e9es. V\u00e9ritable couteau suisse, je m&rsquo;adapte rapidement aux besoins de chaque entreprise. Organis\u00e9e, autonome et r\u00e9active, je prendrai en main vos projets avec rigueur et efficacit\u00e9 pour vous faire gagner du temps et vous garantir un traitement efficace des missions confi\u00e9es.<\/p>\n\n\n\n<div style=\"height:100px\" aria-hidden=\"true\" class=\"wp-block-spacer\"><\/div>\n\n\n\n<p class=\"has-text-align-center\"><\/p>\n","protected":false},"excerpt":{"rendered":"<p>Avec 12 ans d\u2019exp\u00e9rience \u00e0 mon actif, j\u2019ai eu l&rsquo;occasion de me forger une solide exp\u00e9rience dans des univers tr\u00e8s diff\u00e9rents, du commerce de gros \u00e0 la restauration, en passant par le conseil et l\u2019immobilier. Cette diversit\u00e9 m\u2019a permis d\u2019acqu\u00e9rir une grande capacit\u00e9 d\u2019adaptation et de proposer des solutions concr\u00e8tes, [&hellip;]<\/p>\n","protected":false},"author":1,"featured_media":0,"parent":0,"menu_order":0,"comment_status":"closed","ping_status":"closed","template":"","meta":{"footnotes":""},"class_list":["post-109","page","type-page","status-publish","hentry"],"_links":{"self":[{"href":"https:\/\/www.morgane-novadesk.fr\/index.php?rest_route=\/wp\/v2\/pages\/109","targetHints":{"allow":["GET"]}}],"collection":[{"href":"https:\/\/www.morgane-novadesk.fr\/index.php?rest_route=\/wp\/v2\/pages"}],"about":[{"href":"https:\/\/www.morgane-novadesk.fr\/index.php?rest_route=\/wp\/v2\/types\/page"}],"author":[{"embeddable":true,"href":"https:\/\/www.morgane-novadesk.fr\/index.php?rest_route=\/wp\/v2\/users\/1"}],"replies":[{"embeddable":true,"href":"https:\/\/www.morgane-novadesk.fr\/index.php?rest_route=%2Fwp%2Fv2%2Fcomments&post=109"}],"version-history":[{"count":22,"href":"https:\/\/www.morgane-novadesk.fr\/index.php?rest_route=\/wp\/v2\/pages\/109\/revisions"}],"predecessor-version":[{"id":316,"href":"https:\/\/www.morgane-novadesk.fr\/index.php?rest_route=\/wp\/v2\/pages\/109\/revisions\/316"}],"wp:attachment":[{"href":"https:\/\/www.morgane-novadesk.fr\/index.php?rest_route=%2Fwp%2Fv2%2Fmedia&parent=109"}],"curies":[{"name":"wp","href":"https:\/\/api.w.org\/{rel}","templated":true}]}}